{"id":650,"date":"2012-02-15T14:38:00","date_gmt":"2012-02-15T17:38:00","guid":{"rendered":"http:\/\/sintprevspa.org.br\/adm\/?page_id=650"},"modified":"2017-01-27T02:34:58","modified_gmt":"2017-01-27T05:34:58","slug":"gt-da-carreira","status":"publish","type":"page","link":"http:\/\/sintprevspa.org.br\/adm\/gt-da-carreira\/","title":{"rendered":"GT da Carreira"},"content":{"rendered":"<p>Como delibera\u00e7\u00e3o da Assembleia do SINTPREVS realizada em novembro no Minist\u00e9rio da Sa\u00fade, o sindicato tem realizado reuni\u00f5es do Grupo de Trabalho (GT) da Carreira com a participa\u00e7\u00e3o de dois delegados por local de trabalho do Minist\u00e9rio da Sa\u00fade, FUNASA e INSS.<\/p>\n<p>O GT t\u00eam se dedicado a fazer um estudo sistem\u00e1tico das tabelas salarias de 2012 lan\u00e7adas pelo governo, e tamb\u00e9m das tabelas de 2013 e 2014 produzidas pela FENASPS e pelo DIEESE. Al\u00e9m disso, o GT tem estudado e pensado em a\u00e7\u00f5es relacionadas aos PL\u00b4s 549, 29, 1992 e 2203\/2011, ao mandado de injun\u00e7\u00e3o, \u00e0 avalia\u00e7\u00e3o de desempenho no Minist\u00e9rio da Sa\u00fade e Ex-FUNASA , GDI, Plano Bresser e 28,86%e paridade.<\/p>\n<p>Desde de novembro de 2011, o SINTPREVS vem realizando reuni\u00f5es peri\u00f3dicas do Grupo de Trabalho (GT) da Carreira, que t\u00eam se debru\u00e7ado sobre diversos temas de fundamental import\u00e2ncia para a categoria.Reproduzimos abaixo, exposi\u00e7\u00e3o de Antonio Mau\u00e9s e Fatima Moura sobre alguns dos temas debatidos no GT, por ocasi\u00e3o do Congresso de funda\u00e7\u00e3o da primeira Delegacia Sindical de Base do sindicato, na cidade de Castanhal.<\/p>\n<p>&nbsp;<\/p>\n<div class=\"embed-responsive embed-responsive-16by9\"><iframe loading=\"lazy\" title=\"GT CARREIRA FINAL\" width=\"640\" height=\"480\" src=\"https:\/\/www.youtube.com\/embed\/WpfBDe59EO8?feature=oembed\" frameborder=\"0\" allow=\"accelerometer; autoplay; clipboard-write; encrypted-media; gyroscope; picture-in-picture; web-share\" referrerpolicy=\"strict-origin-when-cross-origin\" allowfullscreen><\/iframe><\/div>\n<p>&nbsp;<\/p>\n<p>Sempre \u00e0s\u00a0<strong>15h, na sede administrativa do SINTPREVS<\/strong> (Av. Magalh\u00e3es Barata, Alameda Jos\u00e9 Faciola, 62 \u2013 entre Av. Alcindo Cacela e Av. 14 de Mar\u00e7o)<\/p>\n<p><strong>Mar\u00e7o<\/strong> | 08<\/p>\n<p><strong>Abril<\/strong> | 05<\/p>\n<p><strong>Maio<\/strong> | 03<\/p>\n<p><strong>Junho<\/strong> | 07<\/p>\n<p><strong>Julho<\/strong> | F\u00e9rias<\/p>\n<p><strong>Agosto<\/strong> | 09<\/p>\n<p><strong>Setembro<\/strong> | 06<\/p>\n<p><strong>Outubro<\/strong> | 04<\/p>\n<p><strong>Novembro<\/strong> | 08<\/p>\n<p><strong>Dezembro<\/strong> | 06<\/p>\n","protected":false},"excerpt":{"rendered":"<p>Como delibera\u00e7\u00e3o da Assembleia do SINTPREVS realizada em novembro no Minist\u00e9rio da Sa\u00fade, o sindicato tem realizado reuni\u00f5es do Grupo de Trabalho (GT) da Carreira com a participa\u00e7\u00e3o de dois delegados por local de trabalho do Minist\u00e9rio da Sa\u00fade, FUNASA e INSS. O GT t\u00eam se dedicado a fazer um estudo sistem\u00e1tico das tabelas salarias [&hellip;]<\/p>\n","protected":false},"author":1,"featured_media":0,"parent":0,"menu_order":6,"comment_status":"closed","ping_status":"closed","template":"","meta":{"footnotes":""},"class_list":["post-650","page","type-page","status-publish","hentry"],"_links":{"self":[{"href":"http:\/\/sintprevspa.org.br\/adm\/wp-json\/wp\/v2\/pages\/650","targetHints":{"allow":["GET"]}}],"collection":[{"href":"http:\/\/sintprevspa.org.br\/adm\/wp-json\/wp\/v2\/pages"}],"about":[{"href":"http:\/\/sintprevspa.org.br\/adm\/wp-json\/wp\/v2\/types\/page"}],"author":[{"embeddable":true,"href":"http:\/\/sintprevspa.org.br\/adm\/wp-json\/wp\/v2\/users\/1"}],"replies":[{"embeddable":true,"href":"http:\/\/sintprevspa.org.br\/adm\/wp-json\/wp\/v2\/comments?post=650"}],"version-history":[{"count":12,"href":"http:\/\/sintprevspa.org.br\/adm\/wp-json\/wp\/v2\/pages\/650\/revisions"}],"predecessor-version":[{"id":5503,"href":"http:\/\/sintprevspa.org.br\/adm\/wp-json\/wp\/v2\/pages\/650\/revisions\/5503"}],"wp:attachment":[{"href":"http:\/\/sintprevspa.org.br\/adm\/wp-json\/wp\/v2\/media?parent=650"}],"curies":[{"name":"wp","href":"https:\/\/api.w.org\/{rel}","templated":true}]}}