{"id":399,"date":"2012-01-24T20:24:31","date_gmt":"2012-01-24T23:24:31","guid":{"rendered":"http:\/\/sintprevspa.org.br\/adm\/?page_id=399"},"modified":"2026-02-17T16:46:32","modified_gmt":"2026-02-17T19:46:32","slug":"filiacao","status":"publish","type":"page","link":"http:\/\/sintprevspa.org.br\/adm\/filiacao\/","title":{"rendered":"Filia\u00e7\u00e3o"},"content":{"rendered":"<p>Para se filiar ao sindicato, leia com aten\u00e7\u00e3o nosso estatuto e preencha a ficha de filia\u00e7\u00e3o a seguir.<\/p>\n<p>Em caso de d\u00favidas relacionadas \u00e0 filia\u00e7\u00e3o entre em contato com o Sindicato pelo e-mail <a href=\"mailto:sintprevspa@sintprevspa.org.br\" target=\"_blank\" rel=\"noopener\">sintprevspa@sintprevspa.org.br<\/a> ou via telefone: (91)3242-6489 \/ 3276-5653 \/ 99986-5589 &#8211; WhatsApp<br \/>se deseja a ficha de filia\u00e7\u00e3o, clique no link abaixo<\/p>\n<p><a href=\"http:\/\/sintprevspa.org.br\/adm\/wp-content\/uploads\/2026\/02\/FICHA-DE-FILIAC\u0327A\u0303O-SINTPREVS-2024.pdf\" target=\"_blank\" rel=\"noopener\"><strong>CLIQUE AQUI<\/strong><\/a><\/p>\n<p>Se deseja se filiar, preencha os campos abaixo,<\/p>\n\n\n\n\n<div class=\"wpcf7 no-js\" id=\"wpcf7-f13222-o1\" lang=\"pt-BR\" dir=\"ltr\" data-wpcf7-id=\"13222\">\n<div class=\"screen-reader-response\"><p role=\"status\" aria-live=\"polite\" aria-atomic=\"true\"><\/p> <ul><\/ul><\/div>\n<form action=\"\/adm\/wp-json\/wp\/v2\/pages\/399#wpcf7-f13222-o1\" method=\"post\" class=\"wpcf7-form init\" aria-label=\"Formul\u00e1rios de contato\" novalidate=\"novalidate\" data-status=\"init\">\n<fieldset class=\"hidden-fields-container\"><input type=\"hidden\" name=\"_wpcf7\" value=\"13222\" \/><input type=\"hidden\" name=\"_wpcf7_version\" value=\"6.1.5\" \/><input type=\"hidden\" name=\"_wpcf7_locale\" value=\"pt_BR\" \/><input type=\"hidden\" name=\"_wpcf7_unit_tag\" value=\"wpcf7-f13222-o1\" \/><input type=\"hidden\" name=\"_wpcf7_container_post\" value=\"0\" \/><input type=\"hidden\" name=\"_wpcf7_posted_data_hash\" value=\"\" \/>\n<\/fieldset>\n<div class=\"form-group\">\n\t<p><label for=\"nome\">Nome*: <\/label><br \/>\n<span class=\"wpcf7-form-control-wrap\" data-name=\"nome\"><input size=\"40\" maxlength=\"400\" class=\"wpcf7-form-control wpcf7-text wpcf7-validates-as-required form-control\" id=\"nome\" aria-required=\"true\" aria-invalid=\"false\" value=\"\" type=\"text\" name=\"nome\" \/><\/span>\n\t<\/p>\n<\/div>\n<div class=\"form-group\">\n\t<p><label for=\"email\">E-mail*: <\/label><br \/>\n<span class=\"wpcf7-form-control-wrap\" data-name=\"email\"><input size=\"40\" maxlength=\"400\" class=\"wpcf7-form-control wpcf7-email wpcf7-validates-as-required wpcf7-text wpcf7-validates-as-email form-control\" id=\"email\" aria-required=\"true\" aria-invalid=\"false\" value=\"\" type=\"email\" name=\"email\" \/><\/span>\n\t<\/p>\n<\/div>\n<div class=\"form-group\">\n\t<p><label for=\"email\">Telefone*: <\/label><br \/>\n<span class=\"wpcf7-form-control-wrap\" data-name=\"tel-557\"><input size=\"40\" maxlength=\"400\" class=\"wpcf7-form-control wpcf7-tel wpcf7-text wpcf7-validates-as-tel\" aria-invalid=\"false\" value=\"\" type=\"tel\" name=\"tel-557\" \/><\/span>\n\t<\/p>\n<\/div>\n<div class=\"form-group\">\n\t<p><label for=\"orgao\">\u00d3rg\u00e3o*: <\/label><br \/>\n<span class=\"wpcf7-form-control-wrap\" data-name=\"orgao\"><input size=\"40\" maxlength=\"400\" class=\"wpcf7-form-control wpcf7-text wpcf7-validates-as-required form-control\" id=\"orgao\" aria-required=\"true\" aria-invalid=\"false\" value=\"\" type=\"text\" name=\"orgao\" \/><\/span>\n\t<\/p>\n<\/div>\n<div class=\"form-group\">\n\t<p><label for=\"local_trabalho\">Local de trabalho*: <\/label><br \/>\n<span class=\"wpcf7-form-control-wrap\" data-name=\"local_trabalho\"><input size=\"40\" maxlength=\"400\" class=\"wpcf7-form-control wpcf7-text wpcf7-validates-as-required form-control\" id=\"local_trabalho\" aria-required=\"true\" aria-invalid=\"false\" value=\"\" type=\"text\" name=\"local_trabalho\" \/><\/span>\n\t<\/p>\n<\/div>\n<div class=\"form-group\">\n\t<p><label for=\"siape\">Matr\u00edcula no SIAPE*: <\/label><br \/>\n<span class=\"wpcf7-form-control-wrap\" data-name=\"siape\"><input size=\"40\" maxlength=\"400\" class=\"wpcf7-form-control wpcf7-text wpcf7-validates-as-required form-control\" id=\"siape\" aria-required=\"true\" aria-invalid=\"false\" value=\"\" type=\"text\" name=\"siape\" \/><\/span>\n\t<\/p>\n<\/div>\n<div class=\"form-group\">\n\t<p><label for=\"date\">Data de nascimento*: <\/label><br \/>\n<span class=\"wpcf7-form-control-wrap\" data-name=\"date\"><input class=\"wpcf7-form-control wpcf7-date wpcf7-validates-as-date mask-date\" aria-invalid=\"false\" value=\"\" type=\"date\" name=\"date\" \/><\/span>\n\t<\/p>\n<\/div>\n<div class=\"form-group\">\n\t<p><label for=\"sexo\">Sexo*: <\/label><br \/>\n<span class=\"wpcf7-form-control-wrap\" data-name=\"sexo\"><span class=\"wpcf7-form-control wpcf7-radio form-control\" id=\"sexo\"><span class=\"wpcf7-list-item first\"><input type=\"radio\" name=\"sexo\" value=\"Masc\" checked=\"checked\" \/><span class=\"wpcf7-list-item-label\">Masc<\/span><\/span><span class=\"wpcf7-list-item last\"><input type=\"radio\" name=\"sexo\" value=\"Fem\" \/><span class=\"wpcf7-list-item-label\">Fem<\/span><\/span><\/span><\/span>\n\t<\/p>\n<\/div>\n<div class=\"form-group\">\n\t<p><label for=\"naturalidade\">Naturalidade*: <\/label><br \/>\n<span class=\"wpcf7-form-control-wrap\" data-name=\"naturalidade\"><input size=\"40\" maxlength=\"400\" class=\"wpcf7-form-control wpcf7-text wpcf7-validates-as-required form-control\" id=\"naturalidade\" aria-required=\"true\" aria-invalid=\"false\" value=\"\" type=\"text\" name=\"naturalidade\" \/><\/span>\n\t<\/p>\n<\/div>\n<div class=\"form-group\">\n\t<p><label for=\"cpf\">CPF*: <\/label><br \/>\n<span class=\"wpcf7-form-control-wrap\" data-name=\"cpf\"><input size=\"40\" maxlength=\"400\" class=\"wpcf7-form-control wpcf7-text wpcf7-validates-as-required form-control validar-cpf\" id=\"cpf\" aria-required=\"true\" aria-invalid=\"false\" value=\"\" type=\"text\" name=\"cpf\" \/><\/span>\n\t<\/p>\n<\/div>\n<div class=\"form-group\">\n\t<p><label for=\"rg\">Identidade*: <\/label><br \/>\n<span class=\"wpcf7-form-control-wrap\" data-name=\"rg\"><input size=\"40\" maxlength=\"400\" class=\"wpcf7-form-control wpcf7-text wpcf7-validates-as-required form-control\" id=\"rg\" aria-required=\"true\" aria-invalid=\"false\" value=\"\" type=\"text\" name=\"rg\" \/><\/span>\n\t<\/p>\n<\/div>\n<div class=\"form-group\">\n\t<p><label for=\"rg_expedidor\">\u00d3rg\u00e3o expedidor*: <\/label><br \/>\n<span class=\"wpcf7-form-control-wrap\" data-name=\"rg_expedidor\"><input size=\"40\" maxlength=\"400\" class=\"wpcf7-form-control wpcf7-text wpcf7-validates-as-required form-control\" id=\"rg_expedidor\" aria-required=\"true\" aria-invalid=\"false\" value=\"\" type=\"text\" name=\"rg_expedidor\" \/><\/span>\n\t<\/p>\n<\/div>\n<div class=\"form-group\">\n\t<p><label for=\"rg_data\">Data de expedi\u00e7\u00e3o*: <\/label><br \/>\n<span class=\"wpcf7-form-control-wrap\" data-name=\"rg_data\"><input class=\"wpcf7-form-control wpcf7-date wpcf7-validates-as-date mask-date\" aria-invalid=\"false\" value=\"\" type=\"date\" name=\"rg_data\" \/><\/span>\n\t<\/p>\n<\/div>\n<div class=\"form-group \">\n\t<p><label for=\"cep\">CEP*: <\/label><br \/>\n<span class=\"wpcf7-form-control-wrap\" data-name=\"cep\"><input size=\"10\" maxlength=\"10\" class=\"wpcf7-form-control wpcf7-text wpcf7-validates-as-required validarCEP mask-cep form-control\" id=\"cep\" aria-required=\"true\" aria-invalid=\"false\" value=\"\" type=\"text\" name=\"cep\" \/><\/span><br \/>\n<!-- <input name=\"cep\" type=\"text\" id=\"cep\"  size=\"10\" maxlength=\"10\"\"  class=\"validarCEP mask-cep form-control\"\/>-->\n\t<\/p>\n<\/div>\n<div class=\"form-group\">\n\t<p><label for=\"logradouro\">Logradouro*: <\/label><br \/>\n<span class=\"wpcf7-form-control-wrap\" data-name=\"logradouro\"><input size=\"40\" maxlength=\"400\" class=\"wpcf7-form-control wpcf7-text wpcf7-validates-as-required form-control\" id=\"logradouro\" aria-required=\"true\" aria-invalid=\"false\" value=\"\" type=\"text\" name=\"logradouro\" \/><\/span>\n\t<\/p>\n<\/div>\n<div class=\"form-group\">\n\t<p><label for=\"Numero\">Numero*: <\/label><br \/>\n<span class=\"wpcf7-form-control-wrap\" data-name=\"number-511\"><input class=\"wpcf7-form-control wpcf7-number wpcf7-validates-as-number\" aria-invalid=\"false\" value=\"\" type=\"number\" name=\"number-511\" \/><\/span>\n\t<\/p>\n<\/div>\n<div class=\"form-group\">\n\t<p><label for=\"complemento\">Complemento: <\/label><br \/>\n<span class=\"wpcf7-form-control-wrap\" data-name=\"complemento\"><input size=\"40\" maxlength=\"400\" class=\"wpcf7-form-control wpcf7-text form-control\" id=\"complemento\" aria-invalid=\"false\" value=\"\" type=\"text\" name=\"complemento\" \/><\/span>\n\t<\/p>\n<\/div>\n<div class=\"form-group\">\n\t<p><label for=\"bairro\">Bairro*: <\/label><br \/>\n<span class=\"wpcf7-form-control-wrap\" data-name=\"bairro\"><input size=\"40\" maxlength=\"400\" class=\"wpcf7-form-control wpcf7-text wpcf7-validates-as-required form-control\" id=\"bairro\" aria-required=\"true\" aria-invalid=\"false\" value=\"\" type=\"text\" name=\"bairro\" \/><\/span>\n\t<\/p>\n<\/div>\n<div class=\"form-group\">\n\t<p><label for=\"cidade\">Cidade*: <\/label><br \/>\n<span class=\"wpcf7-form-control-wrap\" data-name=\"cidade\"><input size=\"40\" maxlength=\"400\" class=\"wpcf7-form-control wpcf7-text wpcf7-validates-as-required form-control\" id=\"cidade\" aria-required=\"true\" aria-invalid=\"false\" value=\"\" type=\"text\" name=\"cidade\" \/><\/span>\n\t<\/p>\n<\/div>\n<div class=\"form-group\">\n\t<p><label for=\"estado\">UF*: <\/label><br \/>\n<span class=\"wpcf7-form-control-wrap\" data-name=\"estado\"><select class=\"wpcf7-form-control wpcf7-select\" aria-invalid=\"false\" name=\"estado\"><option value=\"AC\">AC<\/option><option value=\"AL\">AL<\/option><option value=\"AP\">AP<\/option><option value=\"AM\">AM<\/option><option value=\"BA\">BA<\/option><option value=\"CE\">CE<\/option><option value=\"DF\">DF<\/option><option value=\"ES\">ES<\/option><option value=\"GO\">GO<\/option><option value=\"MA\">MA<\/option><option value=\"MT\">MT<\/option><option value=\"MS\">MS<\/option><option value=\"MG\">MG<\/option><option value=\"PR\">PR<\/option><option value=\"PB\">PB<\/option><option value=\"PA\">PA<\/option><option value=\"PE\">PE<\/option><option value=\"PI\">PI<\/option><option value=\"RJ\">RJ<\/option><option value=\"RN\">RN<\/option><option value=\"RS\">RS<\/option><option value=\"RO\">RO<\/option><option value=\"RR\">RR<\/option><option value=\"SC\">SC<\/option><option value=\"SE\">SE<\/option><option value=\"SP\">SP<\/option><option value=\"TO\">TO<\/option><\/select><\/span>\n\t<\/p>\n<\/div>\n<p><span class=\"wpcf7-form-control-wrap\" data-name=\"autorizo-desconto\"><span class=\"wpcf7-form-control wpcf7-acceptance\"><span class=\"wpcf7-list-item\"><input type=\"checkbox\" name=\"autorizo-desconto\" value=\"1\" aria-invalid=\"false\" \/><\/span><\/span><\/span><b>Autorizo o desconto em folha de mensalidade e das contribui\u00e7\u00f5es, que forem fixadas por Assembl\u00e9ia Geral.<\/b>\n<\/p>\n<div class=\"form-group\">\n\t<p><input class=\"wpcf7-form-control wpcf7-submit has-spinner btn btn-primary\" type=\"submit\" value=\"Enviar\" \/>\n\t<\/p>\n<\/div>\n<p>Este formul\u00e1rio usa Akismet para reduzir spam. <a target=\"_blank\" rel=\"nofollow noopener\" href=\"https:\/\/akismet.com\/privacy\/\">Descubra como seus dados s\u00e3o processados.<\/a>\n<\/p><p style=\"display: none !important;\" class=\"akismet-fields-container\" data-prefix=\"_wpcf7_ak_\"><label>&#916;<textarea name=\"_wpcf7_ak_hp_textarea\" cols=\"45\" rows=\"8\" maxlength=\"100\"><\/textarea><\/label><input type=\"hidden\" id=\"ak_js_1\" name=\"_wpcf7_ak_js\" value=\"113\"\/><script type=\"text\/javascript\">\n\/* <![CDATA[ *\/\ndocument.getElementById( \"ak_js_1\" ).setAttribute( \"value\", ( new Date() ).getTime() );\n\/* ]]> *\/\n<\/script>\n<\/p><div class=\"wpcf7-response-output\" aria-hidden=\"true\"><\/div>\n<\/form>\n<\/div>\n\n","protected":false},"excerpt":{"rendered":"<p>Para se filiar ao sindicato, leia com aten\u00e7\u00e3o nosso estatuto e preencha a ficha de filia\u00e7\u00e3o a seguir. Em caso de d\u00favidas relacionadas \u00e0 filia\u00e7\u00e3o entre em contato com o Sindicato pelo e-mail sintprevspa@sintprevspa.org.br ou via telefone: (91)3242-6489 \/ 3276-5653 \/ 99986-5589 &#8211; WhatsAppse deseja a ficha de filia\u00e7\u00e3o, clique no link abaixo CLIQUE AQUI [&hellip;]<\/p>\n","protected":false},"author":1,"featured_media":0,"parent":0,"menu_order":4,"comment_status":"closed","ping_status":"closed","template":"","meta":{"footnotes":""},"class_list":["post-399","page","type-page","status-publish","hentry"],"_links":{"self":[{"href":"http:\/\/sintprevspa.org.br\/adm\/wp-json\/wp\/v2\/pages\/399","targetHints":{"allow":["GET"]}}],"collection":[{"href":"http:\/\/sintprevspa.org.br\/adm\/wp-json\/wp\/v2\/pages"}],"about":[{"href":"http:\/\/sintprevspa.org.br\/adm\/wp-json\/wp\/v2\/types\/page"}],"author":[{"embeddable":true,"href":"http:\/\/sintprevspa.org.br\/adm\/wp-json\/wp\/v2\/users\/1"}],"replies":[{"embeddable":true,"href":"http:\/\/sintprevspa.org.br\/adm\/wp-json\/wp\/v2\/comments?post=399"}],"version-history":[{"count":64,"href":"http:\/\/sintprevspa.org.br\/adm\/wp-json\/wp\/v2\/pages\/399\/revisions"}],"predecessor-version":[{"id":13224,"href":"http:\/\/sintprevspa.org.br\/adm\/wp-json\/wp\/v2\/pages\/399\/revisions\/13224"}],"wp:attachment":[{"href":"http:\/\/sintprevspa.org.br\/adm\/wp-json\/wp\/v2\/media?parent=399"}],"curies":[{"name":"wp","href":"https:\/\/api.w.org\/{rel}","templated":true}]}}