{"id":387,"date":"2012-01-24T20:20:55","date_gmt":"2012-01-24T23:20:55","guid":{"rendered":"http:\/\/sintprevspa.org.br\/adm\/?page_id=387"},"modified":"2017-02-14T15:57:08","modified_gmt":"2017-02-14T18:57:08","slug":"diretoria","status":"publish","type":"page","link":"http:\/\/sintprevspa.org.br\/adm\/diretoria\/","title":{"rendered":"Diretoria &#8211; Tri\u00eanio 2016-2019"},"content":{"rendered":"<p>Tri\u00eanio 2016-2019<\/p>\n<table style=\"height: 2108px;\" width=\"779\">\n<tbody>\n<tr>\n<td width=\"47\"><strong>N\u00ba<\/strong><\/td>\n<td width=\"450\"><strong>NOMES<\/strong><\/td>\n<td colspan=\"2\" width=\"155\"><b>\u00d3RG\u00c3OS<\/b><\/td>\n<td width=\"284\"><strong>SECRETARIAS<\/strong><\/td>\n<\/tr>\n<tr>\n<td rowspan=\"3\" width=\"47\"><strong>\u00a0<\/strong><strong>01<\/strong><\/td>\n<td width=\"450\"><strong>CARLOS ALBERTO DA SILVA SANTOS <\/strong><\/td>\n<td colspan=\"2\" width=\"155\"><strong>MS<\/strong><\/td>\n<td rowspan=\"3\" width=\"284\"><strong>SECRETARIA DE ADMINISTRA\u00c7\u00c3O E FINAN\u00c7AS<\/strong><\/td>\n<\/tr>\n<tr>\n<td width=\"450\"><strong>DARCY \u00a0VAZ LIMA<\/strong><\/td>\n<td colspan=\"2\" width=\"155\"><strong>INSS<\/strong><\/td>\n<\/tr>\n<tr>\n<td width=\"450\"><strong>IVANETE MARTINS ALVES<\/strong><\/td>\n<td colspan=\"2\" width=\"155\"><strong>INSS<\/strong><\/td>\n<\/tr>\n<tr>\n<td rowspan=\"2\" width=\"47\"><strong>03<\/strong><\/td>\n<td width=\"450\"><strong>RAYMUNDO TRINDADE DA SILVA<\/strong><\/td>\n<td colspan=\"2\" width=\"155\"><strong>MS<\/strong><\/td>\n<td rowspan=\"2\" width=\"284\"><strong>SECRETARIA DE ORGANIZA\u00c7\u00c3O<\/strong><\/td>\n<\/tr>\n<tr>\n<td width=\"450\"><strong>ELVIS GON\u00c7ALVES VIEIRA <\/strong><\/td>\n<td colspan=\"2\" width=\"155\"><strong>INSS<\/strong><\/td>\n<\/tr>\n<tr>\n<td rowspan=\"2\" width=\"47\"><strong>04<\/strong><\/td>\n<td width=\"450\"><strong>ANTONIO JOSE DO E. S. MAU\u00c9S <\/strong><\/td>\n<td colspan=\"2\" width=\"155\"><strong>INSS<\/strong><\/td>\n<td rowspan=\"2\" width=\"284\"><strong>SECRETARIA DE FORMA\u00c7\u00c3O<\/strong><\/td>\n<\/tr>\n<tr>\n<td width=\"450\"><strong>MARIA RUTE DEM\u00c9TRIO GAIA<\/strong><\/td>\n<td colspan=\"2\" width=\"155\"><strong>INSS<\/strong><\/td>\n<\/tr>\n<tr>\n<td rowspan=\"2\" width=\"47\"><strong>05<\/strong><\/td>\n<td width=\"450\"><strong>HELENA MARIA CASTRO DA SILVA <\/strong><\/td>\n<td colspan=\"2\" width=\"155\"><strong>MS<\/strong><\/td>\n<td rowspan=\"2\" width=\"284\"><strong>SECRETARIA DE ASSUNTOS JUR\u00cdDICOS<\/strong><\/td>\n<\/tr>\n<tr>\n<td width=\"450\"><strong>JOSU\u00c9 MARCOS V. DO NASCIMENTO <\/strong><\/td>\n<td colspan=\"2\" width=\"155\"><strong>MS<\/strong><\/td>\n<\/tr>\n<tr>\n<td rowspan=\"3\" width=\"47\"><strong>\u00a0<\/strong><strong>06<\/strong><\/td>\n<td width=\"450\"><strong>ANA MARIA\u00a0 DE\u00a0 PINHO MORAES\u00a0 MAGALH\u00c3ES <\/strong><\/td>\n<td colspan=\"2\" width=\"155\"><strong>INSS<\/strong><\/td>\n<td rowspan=\"3\" width=\"284\"><strong>SECRETARIA <\/strong><strong>DE <\/strong><strong>CULTURA<\/strong><\/td>\n<\/tr>\n<tr>\n<td width=\"450\"><strong>TEREZINHA DE JESUS C. CALDAS<\/strong><\/td>\n<td colspan=\"2\" width=\"155\"><strong>MS<\/strong><\/td>\n<\/tr>\n<tr>\n<td width=\"450\"><strong>\u00a0JOEL CONCEI\u00c7\u00c3O\u00a0CORDEIRO<\/strong><\/td>\n<td colspan=\"2\" width=\"155\"><strong>INSS<\/strong><\/td>\n<\/tr>\n<tr>\n<td rowspan=\"2\" width=\"47\"><strong>07<\/strong><\/td>\n<td width=\"450\"><strong>CELLAYNE PATRICIA B. DE SOUZA <\/strong><\/td>\n<td colspan=\"2\" width=\"155\"><strong>INSS<\/strong><\/td>\n<td rowspan=\"2\" width=\"284\"><strong>SECRETARIA DE IMPRENSA E DIVULGA\u00c7\u00c3O<\/strong><\/td>\n<\/tr>\n<tr>\n<td width=\"450\"><strong>DALCINARA G. DA SILVA<\/strong><\/td>\n<td colspan=\"2\" width=\"155\"><strong>INSS<\/strong><\/td>\n<\/tr>\n<tr>\n<td rowspan=\"2\" width=\"47\"><strong>08<\/strong><\/td>\n<td width=\"450\"><strong>AMAS\u00cdLIA SANTOS DE SOUSA<\/strong><\/td>\n<td colspan=\"2\" width=\"155\"><strong>MS<\/strong><\/td>\n<td rowspan=\"2\" width=\"284\"><strong>SECRETARIA DE SEGURIDADE SOCIAL E SA\u00daDE DO TRAB.<\/strong><\/td>\n<\/tr>\n<tr>\n<td width=\"450\"><strong>REGINA TEOD\u00d3SIO DOS S. R. PAIX\u00c3O<\/strong><\/td>\n<td colspan=\"2\" width=\"155\"><strong>INSS<\/strong><\/td>\n<\/tr>\n<tr>\n<td rowspan=\"2\" width=\"47\"><strong>09<\/strong><\/td>\n<td width=\"450\"><strong>ANA L\u00daCIA LIMA RIBEIRO<\/strong><\/td>\n<td colspan=\"2\" width=\"155\"><strong>MS<\/strong><\/td>\n<td rowspan=\"2\" width=\"284\"><strong>SECRETARIA DE APOSENTADOS<\/strong><\/td>\n<\/tr>\n<tr>\n<td width=\"450\"><strong>JARNES FERNANDO LOPES LEITE <\/strong><\/td>\n<td colspan=\"2\" width=\"155\"><strong>INSS<\/strong><\/td>\n<\/tr>\n<tr>\n<td rowspan=\"6\" width=\"47\"><strong>\u00a0<\/strong><strong>10<\/strong><\/td>\n<td width=\"450\"><strong>ANDERSON RODRIGUES DE ALMEIDA <\/strong><\/td>\n<td colspan=\"2\" width=\"155\"><strong>INSS<\/strong><\/td>\n<td rowspan=\"6\" width=\"284\"><strong>SUPLENTES\u00a0<\/strong><strong>DA <\/strong><strong>DIRETORIA<\/strong><\/p>\n<p><strong>\u00a0<\/strong><\/p>\n<p><strong>\u00a0<\/strong><\/p>\n<p><strong>\u00a0<\/strong><\/p>\n<p><strong>\u00a0<\/strong><\/p>\n<p><strong>\u00a0<\/strong><\/p>\n<p><strong>\u00a0<\/strong><\/td>\n<\/tr>\n<tr>\n<td width=\"450\"><strong>JAIME SALES MAIA JUNIOR<\/strong><\/td>\n<td colspan=\"2\" width=\"155\"><strong>MS<\/strong><\/td>\n<\/tr>\n<tr>\n<td width=\"450\"><strong>CELIANE GOMES GUEDES<\/strong><\/td>\n<td colspan=\"2\" width=\"155\"><strong>INSS<\/strong><\/td>\n<\/tr>\n<tr>\n<td width=\"450\"><strong>MAURA SILVIA SANTOS BARROSO<\/strong><\/td>\n<td colspan=\"2\" width=\"155\"><strong>MS<\/strong><\/td>\n<\/tr>\n<tr>\n<td width=\"450\"><strong>ELIANA DE OLIVEIRA ALFAIA<\/strong><\/td>\n<td colspan=\"2\" width=\"155\"><strong>INSS<\/strong><\/td>\n<\/tr>\n<tr>\n<td width=\"450\"><strong>ELIETE BALTAZAR RIBEIRO <\/strong><\/td>\n<td colspan=\"2\" width=\"155\"><strong>MS<\/strong><\/td>\n<\/tr>\n<tr>\n<td rowspan=\"3\" width=\"47\"><strong>\u00a0<\/strong><strong>11<\/strong><strong>\u00a0<\/strong><\/p>\n<p><strong>\u00a0<\/strong><\/td>\n<td width=\"450\"><strong>MERCEDES FABIANA <\/strong><\/td>\n<td colspan=\"2\" width=\"155\"><strong>MS<\/strong><\/td>\n<td rowspan=\"3\" width=\"284\"><strong>CONSELHO<\/strong><strong>\u00a0FISCAL<\/strong><strong>\u00a0<\/strong><\/td>\n<\/tr>\n<tr>\n<td width=\"450\"><strong>LA\u00c9RCIO RENDEIRO DA SILVA<\/strong><\/td>\n<td colspan=\"2\" width=\"155\"><strong>INSS<\/strong><\/td>\n<\/tr>\n<tr>\n<td width=\"450\"><strong>LENY DA GAMA E SILVA<\/strong><\/td>\n<td colspan=\"2\" width=\"155\"><strong>INSS<\/strong><\/td>\n<\/tr>\n<tr>\n<td rowspan=\"3\" width=\"47\"><strong>\u00a0<\/strong><strong>12<\/strong><strong>\u00a0<\/strong><\/td>\n<td colspan=\"2\" width=\"451\"><strong>ANA CL\u00c9IA COSTA LEAL<\/strong><\/td>\n<td width=\"153\"><strong>INSS<\/strong><\/td>\n<td rowspan=\"3\" width=\"284\"><strong>SUPLENTE\u00a0<\/strong><strong>DO CONSELHO <\/strong><strong>FISCAL<\/strong><\/td>\n<\/tr>\n<tr>\n<td colspan=\"2\" width=\"451\"><strong>TEREZA CRISTINA ANDRADE<\/strong><\/td>\n<td width=\"153\"><strong>MS<\/strong><\/td>\n<\/tr>\n<tr>\n<td colspan=\"2\" width=\"451\"><strong>\u00a0<\/strong><\/td>\n<td width=\"153\"><strong>\u00a0<\/strong><\/td>\n<\/tr>\n<\/tbody>\n<\/table>\n<p>A composi\u00e7\u00e3o da diretoria e do conselho fiscal obedeceu ao crit\u00e9rio da proporcionalidade qualificada, de acordo com o estatuto e o regimento interno do SINTPREV\/PA.<\/p>\n","protected":false},"excerpt":{"rendered":"<p>Tri\u00eanio 2016-2019 N\u00ba NOMES \u00d3RG\u00c3OS SECRETARIAS \u00a001 CARLOS ALBERTO DA SILVA SANTOS MS SECRETARIA DE ADMINISTRA\u00c7\u00c3O E FINAN\u00c7AS DARCY \u00a0VAZ LIMA INSS IVANETE MARTINS ALVES INSS 03 RAYMUNDO TRINDADE DA SILVA MS SECRETARIA DE ORGANIZA\u00c7\u00c3O ELVIS GON\u00c7ALVES VIEIRA INSS 04 ANTONIO JOSE DO E. S. MAU\u00c9S INSS SECRETARIA DE FORMA\u00c7\u00c3O MARIA RUTE DEM\u00c9TRIO GAIA INSS [&hellip;]<\/p>\n","protected":false},"author":1,"featured_media":0,"parent":0,"menu_order":3,"comment_status":"closed","ping_status":"closed","template":"","meta":{"footnotes":""},"class_list":["post-387","page","type-page","status-publish","hentry"],"_links":{"self":[{"href":"http:\/\/sintprevspa.org.br\/adm\/wp-json\/wp\/v2\/pages\/387","targetHints":{"allow":["GET"]}}],"collection":[{"href":"http:\/\/sintprevspa.org.br\/adm\/wp-json\/wp\/v2\/pages"}],"about":[{"href":"http:\/\/sintprevspa.org.br\/adm\/wp-json\/wp\/v2\/types\/page"}],"author":[{"embeddable":true,"href":"http:\/\/sintprevspa.org.br\/adm\/wp-json\/wp\/v2\/users\/1"}],"replies":[{"embeddable":true,"href":"http:\/\/sintprevspa.org.br\/adm\/wp-json\/wp\/v2\/comments?post=387"}],"version-history":[{"count":13,"href":"http:\/\/sintprevspa.org.br\/adm\/wp-json\/wp\/v2\/pages\/387\/revisions"}],"predecessor-version":[{"id":5743,"href":"http:\/\/sintprevspa.org.br\/adm\/wp-json\/wp\/v2\/pages\/387\/revisions\/5743"}],"wp:attachment":[{"href":"http:\/\/sintprevspa.org.br\/adm\/wp-json\/wp\/v2\/media?parent=387"}],"curies":[{"name":"wp","href":"https:\/\/api.w.org\/{rel}","templated":true}]}}