{"id":2,"date":"2012-01-20T15:27:19","date_gmt":"2012-01-20T18:27:19","guid":{"rendered":"http:\/\/sintprevspa.hospedagemdesites.ws\/adm\/?page_id=2"},"modified":"2024-05-28T17:06:29","modified_gmt":"2024-05-28T20:06:29","slug":"historia-do-sintprevs","status":"publish","type":"page","link":"http:\/\/sintprevspa.org.br\/adm\/historia-do-sintprevs\/","title":{"rendered":"Hist\u00f3ria do Sintprevs"},"content":{"rendered":"<p>\u00a0<\/p>\n<p style=\"text-align: justify;\">A origem do SINTPREVS-PA se volta para dois momentos importantes na organiza\u00e7\u00e3o dos trabalhadores previdenci\u00e1rios e da sa\u00fade. Momentos esses que se destacam antes e depois da Promulga\u00e7\u00e3o da Constitui\u00e7\u00e3o Federal de 1988. No entanto, antes da Constitui\u00e7\u00e3o Federal de 1988, n\u00e3o era permitido que os servidores tivessem a organiza\u00e7\u00e3o sindical, somente a associa\u00e7\u00e3o de recrea\u00e7\u00e3o e lazer.<\/p>\n<p style=\"text-align: justify;\">Em 09\/08\/1968, os trabalhadores do INPS e IAPAS, fundaram o \u201cUnidos da Previd\u00eancia\u201d, que passou a ser uma unidade de entretenimento para os servidores.Em 07\/07\/1978, o \u201cUnidos da Previd\u00eancia\u201d, denominou-se \u201cClube dos Previdenci\u00e1rios\u201d, que continha o mesmo objetivo, por\u00e9m com o acr\u00e9scimo do artigo 89, determinava que o clube n\u00e3o pode fazer despesas para eventos de cunho pol\u00edtico, religioso ou pessoal.<\/p>\n<p style=\"text-align: justify;\">Com a mudan\u00e7a ocorrida no sistema previdenci\u00e1rio, o INPS, IAPAS e INANPS, passaram a integrar o Sistema Nacional da Previd\u00eancia e Assist\u00eancia Social. Em 12\/05\/1982, na Assembl\u00e9ia Geral, o \u201cClube dos Previdenci\u00e1rios do Par\u00e1\u201d, passou a denominar-se de \u201cAssocia\u00e7\u00e3o dos Servidores do SINPAS \u2013 ASSINPAS\/PA\u201d, com mesmo objetivo de recrea\u00e7\u00e3o e lazer.<\/p>\n<p style=\"text-align: justify;\">Nesse \u00ednterim os trabalhadores procuraram ir mais al\u00e9m do esporte e lazer. A luta pol\u00edtica e as reivindica\u00e7\u00f5es para melhorias salariais, condi\u00e7\u00f5es de trabalho dignas, foram temas que passou a integrar aos objetivos da associa\u00e7\u00e3o. No entanto passaram a compartilhar com as lutas pol\u00edticas nacionais como: \u201cAs diretas j\u00e1\u201d, fim do governo militar, greves do ABC paulista, etc.<\/p>\n<p style=\"text-align: justify;\">E nesse clima de grandes mudan\u00e7as e reivindica\u00e7\u00f5es houve a elei\u00e7\u00e3o para ASSINPAS-PA, que ocorreu no dia 18\/12\/1986, com duas chapas chamadas de: \u201cavan\u00e7ar na luta\u201d,que almejava a mudan\u00e7a, e a chapa \u201cfrente jovem\u201d da situa\u00e7\u00e3o com foco voltado ao lazer. Com uma vit\u00f3ria de 604 votos contra 377, a chapa \u201cavan\u00e7ar na luta\u201d, foi encabe\u00e7ada por Tadeu Melo e Raimundo Weyll, presidente e vice-presidente respectivamente. A posse foi em 23\/01\/1987 e a diretoria eleita foi a seguinte: a)Vice-presidente \u2013 Raimundo Weyll) 1\u00ba Secret\u00e1rio \u2013 Ivo Gadelha Le\u00e3o) Presidente: Fernando Tadeu M. de Melo) 2\u00ba Secret\u00e1rio \u2013 Jos\u00e9 Anast\u00e1cio Lobo) 1\u00ba tesoureiro \u2013 Luiz Nunes de Carvalho) 2\u00ba tesoureiro \u2013 Zildo Carvalho) Diretor cultural \u2013 Rachel Ribeiro) Diretor Social \u2013 Doralice Tirado) Diretor Jur\u00eddico \u2013 Nazar\u00e9 Medeiros) Diretor de imprensa divulga\u00e7\u00e3o \u2013 Paulo Carlota.<\/p>\n<p style=\"text-align: justify;\">Com essa gest\u00e3o a consci\u00eancia de classe imperou. Diante disso aconteceram greves hist\u00f3ricas como paralisa\u00e7\u00f5es de mais 60 dias, e conquistas como PCCS (Plano de Cargo, Carreira e Sal\u00e1rio), dentre outras. Ap\u00f3s a Constitui\u00e7\u00e3o Federal de 1988, os trabalhadores do servi\u00e7o p\u00fablico decidiram organizar-se em sindicatos. De posse disso surgiu o SINTPREVS-PA.<\/p>\n<p style=\"text-align: justify;\">Ap\u00f3s a Assembl\u00e9ia Geral que ocorreu em 16\/10\/1989, a ASSINPAS-PA, transformou-se em Sindicato do Trabalhadores Federais em Previd\u00eancia e Sa\u00fade: SINTPREVS-PA. O estatuto social foi registrado em 24\/01\/1990, marcou a categoria da classe trabalhadora do Par\u00e1, e o presidente e vice-presidente ficaram sendo respectivamente Raimundo Weyll Cruz e Ant\u00f4nio de Fernando S. Pereira. E a nova diretoria passou a ser: \u2013 Presidente \u2013 Raimundo Weyll Costa Cruz-Vice-presidente \u2013 Ant\u00f4nio Fernando do S. Pereira.-1\u00ba Secret\u00e1rio \u2013 L\u00edlian Carmecita-2\u00ba Secret\u00e1rio \u2013 Jos\u00e9 Anast\u00e1cio Lobo- Tesouraria geral \u2013 Luiz Nunes de Carvalho1\u00ba tesoureiro \u2013 Zildo Carvalho2\u00ba tesoureiro \u2013 Ana Suely Maria de Oliveira &#8211; Secretaria de imprensa divulga\u00e7\u00e3o \u2013 Lineu Campos &#8211; Secretaria cultural \u2013 Luis Carlos N. da Costa de Menezes &#8211; Secretaria Social \u2013 Jos\u00e9 Heir\u00f4nimo da Silva Vieira &#8211; Secretaria de Administra\u00e7\u00e3o \u2013 Maria Helena M. Franco.Secretaria de Forma\u00e7\u00e3o Pol\u00edtica \u2013 Raquel Cec\u00edlia M. Ribeiro.Secretaria de Forma\u00e7\u00e3o Sindical \u2013 Ant\u00f4nio Jos\u00e9 do Esp\u00edrito Santo Mau\u00e9s &#8211; Secretaria de Assuntos Patronais \u2013 Marta Kimyo Abe &#8211; Secretaria de Previd\u00eancia e Sa\u00fade \u2013 Cl\u00e1udio Marques do N. Filho. Secretaria de Pol\u00edtica Intersindical \u2013 Marlene Leite Afonso &#8211; Secretaria de Filia\u00e7\u00e3o \u2013 Albutina Garcia do Nascimento &#8211; Secretaria de Esporte \u2013 Raimundo Trindade &#8211; Secretaria de Assuntos Jur\u00eddicos \u2013 Ana L\u00facia S. Lima Suplentes Ana Cl\u00e9a Costa Leal, Orlando Rodrigues Melo, Maria de F\u00e1tima Mendon\u00e7a Vieira, Damares Hort\u00eancia Mousinho, Sim\u00e3o Tadeu Ribeiro Baia, Raimunda Maia A Quaresma, Rosely Coelho Merabeth, Maria Madalena F. da Moda, S\u00e9rgio Luis Braga Pireto, Jos\u00e9 Maria da Mota, Maria ruth Dem\u00e9trio Gaia Vieira, Charles Jonhson da Silva Alc\u00e2ntara, Maria das Gra\u00e7as Kettle, Walmor das Neves Rosa, Rosimar Carvalho dos Reis, Gilmar Rodrigues Dias, Raimunda Iraci Mota Sales, Terezinha F. Rodrigues, Darci F\u00e1tima F. da Silva , Francisco Sales P. Rodrigues. Conselho Fiscal \u2013 La\u00e9rcio B. do Carmo, Tereza Cristina C. de Andrade, Get\u00falio Sanches de Mendon\u00e7a (efetivos).Suplentes \u2013 Maria Jos\u00e9 Sobrinho, Doralice S.B. Tirado, Maria de Lourdes A. Ant\u00f4nio.<\/p>\n<p style=\"text-align: justify;\">Com o desenvolvimento do sindicato em junho de 1991 ocorreu o 1\u00ba Congresso Estadual do SINTPREVS, com o intuito de discutir e encaminhar as pol\u00edticas para o sindicato. At\u00e9 em 1994 a ASSINPA-PA seguiu paralelamente ao SINTPREVS-PA. Mas no mesmo ano surgiram rumores do desligamento. O fato se concretizou. A categoria foi consultada em plebiscito, sendo 900 favor\u00e1veis e 187 desfavor\u00e1veis, na soma de 1095 votantes. Diante disso o SINTPREVS filiou-se as duas maiores entidades nacionais representativas da classe trabalhadora: FENASP e CUT.<\/p>\n<p style=\"text-align: justify;\">O sindicato sempre esteve presente nas chamadas por estas. Participando de todos os eventos( plen\u00e1rias, congressos, assembl\u00e9ia, etc). Com efeito procurou-se junto as outras entidades do mesmo ideal, a realiza\u00e7\u00e3o do I Congresso Estadual do SINTPREVS e SINTESP, que ocorreu nos dias 07, 08 e 09 de dezembro de 2000, no audit\u00f3rio da escola Estadual Visconde de Souza Franco.<br \/>O II Congresso Estadual unificado ocorreu em mar\u00e7o de 2004 na Sagrada Fam\u00edlia.<\/p>\n<p style=\"text-align: justify;\">Em abril de 2007, o sindicato decidiu em plebiscito desligar-se da Central \u00danica dos Trabalhadores \u2013 CUT. Construindo, assim, uma nova alternativa intersindical: Conlutas.<\/p>\n<p style=\"text-align: justify;\"><em>Aos companheiros(a) Albertina Garcia, Zildo Carvalho e Jos\u00e9 Maria da Mota (in memorian), e aos demais companheiros(as), que acreditaram no sonho. A nossa eterna gratid\u00e3o. \u201cSonho que se sonha s\u00f3, \u00e9 s\u00f3 um sonho. Sonho que se sonha junto \u00e9 realidade.\u201d<\/em><\/p>\n\n\n<p><\/p>\n","protected":false},"excerpt":{"rendered":"<p>\u00a0 A origem do SINTPREVS-PA se volta para dois momentos importantes na organiza\u00e7\u00e3o dos trabalhadores previdenci\u00e1rios e da sa\u00fade. Momentos esses que se destacam antes e depois da Promulga\u00e7\u00e3o da Constitui\u00e7\u00e3o Federal de 1988. No entanto, antes da Constitui\u00e7\u00e3o Federal de 1988, n\u00e3o era permitido que os servidores tivessem a organiza\u00e7\u00e3o sindical, somente a associa\u00e7\u00e3o [&hellip;]<\/p>\n","protected":false},"author":1,"featured_media":0,"parent":0,"menu_order":1,"comment_status":"closed","ping_status":"closed","template":"","meta":{"footnotes":""},"class_list":["post-2","page","type-page","status-publish","hentry"],"_links":{"self":[{"href":"http:\/\/sintprevspa.org.br\/adm\/wp-json\/wp\/v2\/pages\/2","targetHints":{"allow":["GET"]}}],"collection":[{"href":"http:\/\/sintprevspa.org.br\/adm\/wp-json\/wp\/v2\/pages"}],"about":[{"href":"http:\/\/sintprevspa.org.br\/adm\/wp-json\/wp\/v2\/types\/page"}],"author":[{"embeddable":true,"href":"http:\/\/sintprevspa.org.br\/adm\/wp-json\/wp\/v2\/users\/1"}],"replies":[{"embeddable":true,"href":"http:\/\/sintprevspa.org.br\/adm\/wp-json\/wp\/v2\/comments?post=2"}],"version-history":[{"count":6,"href":"http:\/\/sintprevspa.org.br\/adm\/wp-json\/wp\/v2\/pages\/2\/revisions"}],"predecessor-version":[{"id":12672,"href":"http:\/\/sintprevspa.org.br\/adm\/wp-json\/wp\/v2\/pages\/2\/revisions\/12672"}],"wp:attachment":[{"href":"http:\/\/sintprevspa.org.br\/adm\/wp-json\/wp\/v2\/media?parent=2"}],"curies":[{"name":"wp","href":"https:\/\/api.w.org\/{rel}","templated":true}]}}